{"id":34,"date":"2015-08-29T09:36:05","date_gmt":"2015-08-29T08:36:05","guid":{"rendered":"http:\/\/www.beautysalon-rafilya.cz\/?page_id=25"},"modified":"2015-08-29T09:36:05","modified_gmt":"2015-08-29T08:36:05","slug":"cenik","status":"publish","type":"page","link":"https:\/\/beautysalon-rafilya.cz\/?page_id=34","title":{"rendered":"Cen\u00edk"},"content":{"rendered":"<p><strong>&nbsp; &nbsp; &nbsp; &nbsp; &nbsp; &nbsp; &nbsp; &nbsp; &nbsp; &nbsp; &nbsp; &nbsp; &nbsp; &nbsp; &nbsp; &nbsp; &nbsp; &nbsp; &nbsp; &nbsp; &nbsp; &nbsp; &nbsp; &nbsp; &nbsp; &nbsp; &nbsp; &nbsp; &nbsp; &nbsp; &nbsp; &nbsp; &nbsp; &nbsp; &nbsp; &nbsp; &nbsp; &nbsp; &nbsp; &nbsp; &nbsp; &nbsp; &nbsp; &nbsp; &nbsp; &nbsp; &nbsp; &nbsp; &nbsp; &nbsp; &nbsp; &nbsp; &nbsp; &nbsp; &nbsp; &nbsp; &nbsp; &nbsp; &nbsp; &nbsp; &nbsp; &nbsp; &nbsp;&nbsp;<\/strong> <strong>&nbsp;<\/strong><\/p>\n<table style=\"height: 2876px; width: 823px; margin: 0px auto;\">\n<tbody>\n<tr>\n<td>\n<h3><strong>KOSMETICK\u00c9 SLU\u017dBY<\/strong><\/h3>\n<\/td>\n<\/tr>\n<tr>\n<td><strong><strong>Diamantov\u00e1 mikrodermabraze&nbsp;<\/strong><\/strong>&nbsp; &nbsp; &nbsp; &nbsp; &nbsp; &nbsp; &nbsp; &nbsp; &nbsp; &nbsp; &nbsp; &nbsp; &nbsp; &nbsp; &nbsp; &nbsp; &nbsp; &nbsp; &nbsp; &nbsp; &nbsp; &nbsp; &nbsp; &nbsp; &nbsp; &nbsp; &nbsp; &nbsp; &nbsp; &nbsp; &nbsp; &nbsp; &nbsp; &nbsp; &nbsp; &nbsp; &nbsp; &nbsp; &nbsp; &nbsp; &nbsp; &nbsp; &nbsp; &nbsp; &nbsp; &nbsp; &nbsp; &nbsp; &nbsp; &nbsp; &nbsp; &#8211;&nbsp; mechanick\u00e9 obrou\u0161en\u00ed odum\u0159el\u00fdch bun\u011bk, odstran\u011bn\u00ed vr\u00e1sek, osv\u011btlen\u00ed pigmentace, omlazen\u00ed pleti, oxygenterapie + ampulka, maska, galvanick\u00e1 \u017eehli\u010dka, led sv\u011btlo, ampule, z\u00e1v\u011bre\u010dn\u00fd kr\u00e9m<\/td>\n<td>900 K\u010d<\/td>\n<\/tr>\n<tr>\n<td><strong>Hloubkov\u00e9 \u010di\u0161t\u011bn\u00ed pleti&nbsp;+ barven\u00ed obo\u010d\u00ed, \u0159as<\/strong><br \/>\n&#8211; odl\u00ed\u010den\u00ed, peeling, gelov\u00e1 maska, \u010di\u0161t\u011bn\u00ed pleti, \u010dist\u00edc\u00ed maska, \u00faprava<br \/>\nobo\u010d\u00ed, barven\u00ed \u0159as a obo\u010d\u00ed, galvanick\u00e1 \u017eehli\u010dka + s\u00e9rum, kr\u00e9m<\/td>\n<td>800 K\u010d<\/td>\n<\/tr>\n<tr>\n<td><strong>Klasick\u00e1 o\u0161et\u0159en\u00ed pleti<\/strong>&nbsp; &nbsp; &nbsp; &nbsp; &nbsp; &nbsp; &nbsp; &nbsp; &nbsp; &nbsp; &nbsp; &nbsp; &nbsp; &nbsp; &nbsp; &nbsp; &nbsp; &nbsp; &nbsp; &nbsp; &nbsp; &nbsp; &nbsp; &nbsp; &nbsp; &nbsp; &nbsp; &nbsp; &nbsp; &nbsp; &nbsp; &nbsp; &nbsp; &nbsp; &nbsp; &nbsp; &nbsp; &nbsp; &nbsp; &nbsp; &nbsp; &nbsp; &nbsp; &nbsp; &nbsp; &nbsp; &nbsp; &nbsp; &nbsp; &nbsp; &nbsp; &nbsp; &nbsp; &nbsp; &nbsp; &nbsp; &nbsp; &nbsp; &#8211; odl\u00ed\u010den\u00ed, peeling, \u010di\u0161t\u011bn\u00ed pleti ulrazvukovou \u0161krabkou, mas\u00e1\u017e obli\u010deje, \u0161\u00edje a dekoltu, s\u00e9rum, maska, galvanizace, kr\u00e9m<\/td>\n<td>1000K\u010d<\/td>\n<\/tr>\n<tr>\n<td><strong>Aktivn\u00ed kolagenov\u00e1 k\u00fara&nbsp; &nbsp; &nbsp; &nbsp; &nbsp; &nbsp; &nbsp; &nbsp; &nbsp; &nbsp; &nbsp; &nbsp; &nbsp; &nbsp; &nbsp; &nbsp; &nbsp; &nbsp; &nbsp; &nbsp; &nbsp; &nbsp; &nbsp; &nbsp; &nbsp; &nbsp; &nbsp; &nbsp; &nbsp; &nbsp; &nbsp; &nbsp; &nbsp; &nbsp; &nbsp; &nbsp; &nbsp; &nbsp; &nbsp; &nbsp; &nbsp; &nbsp; &nbsp; &nbsp; &nbsp; &nbsp; &nbsp; &nbsp; &nbsp; &nbsp; &nbsp; &nbsp; &nbsp; &nbsp; &nbsp; &nbsp; &nbsp; &nbsp; <\/strong>&#8211; odl\u00ed\u010den\u00ed, enzymov\u00fd peeling, \u010di\u0161t\u011bn\u00ed pleti ulrazvukovou \u0161krabkou, mas\u00e1\u017e obli\u010deje, \u0161\u00edje a dekoltu,&nbsp; &nbsp; maska kolagenov\u00fd pl\u00e1t, ampulka s kolagenem, galvanizace, z\u00e1v\u011bre\u010dn\u00fd kr\u00e9m<strong><br \/>\n<\/strong><\/td>\n<td>1200K\u010d<\/td>\n<\/tr>\n<tr>\n<td><strong>O\u0161et\u0159en\u00ed citliv\u00e9 pleti<\/strong> (kuperoza, rozacea)&nbsp; &nbsp; &nbsp; &nbsp; &nbsp; &nbsp; &nbsp; &nbsp; &nbsp; &nbsp; &nbsp; &nbsp; &nbsp; &nbsp; &nbsp; &nbsp; &nbsp; &nbsp; &nbsp; &nbsp; &nbsp; &nbsp; &nbsp; &nbsp; &nbsp; &nbsp; &nbsp; &nbsp; &nbsp; &nbsp; &nbsp; &nbsp; &nbsp; &nbsp; &nbsp; &nbsp; &nbsp; &nbsp; &nbsp; &nbsp; &nbsp; &nbsp; &nbsp; &nbsp; &nbsp; &#8211; odl\u00ed\u010den\u00ed, enzymov\u00fd peeling, \u010di\u0161t\u011bn\u00ed pleti, lymfatick\u00e1 mas\u00e1\u017e alginatov\u00e1 maska, ampule, galvanizace, z\u00e1v\u011bre\u010dn\u00fd kr\u00e9m<\/td>\n<td>900 K\u010d<\/td>\n<\/tr>\n<tr>\n<td><strong>O\u0161et\u0159en\u00ed problematick\u00e9 pleti &#8211; akn\u00e9<\/strong>&nbsp; &nbsp; &nbsp; &nbsp; &nbsp; &nbsp; &nbsp; &nbsp; &nbsp; &nbsp; &nbsp; &nbsp; &nbsp; &nbsp; &nbsp; &nbsp; &nbsp; &nbsp; &nbsp; &nbsp; &nbsp; &nbsp; &nbsp; &nbsp; &nbsp; &nbsp; &nbsp; &nbsp; &nbsp; &nbsp; &nbsp; &nbsp; &nbsp; &nbsp; &nbsp; &nbsp; &nbsp; &nbsp; &nbsp; &nbsp; &nbsp; &nbsp; &nbsp; &nbsp; &nbsp; &nbsp; &nbsp; &#8211; odl\u00ed\u010den\u00ed, enzymov\u00fd peeling, \u010di\u0161t\u011bn\u00ed pleti, darsonvalizace, maska, s\u00e9rum, z\u00e1v\u011bre\u010dn\u00fd kr\u00e9m<\/td>\n<td>800 K\u010d<\/td>\n<\/tr>\n<tr>\n<td><strong>Aktivn\u00ed omlazuj\u00edc\u00ed program + Oxygenterapie&nbsp; &nbsp; &nbsp; &nbsp; &nbsp; &nbsp; &nbsp; &nbsp; &nbsp; &nbsp; &nbsp; &nbsp; &nbsp; &nbsp; &nbsp; &nbsp; &nbsp; &nbsp; &nbsp; &nbsp; &nbsp; &nbsp; &nbsp; &nbsp; &nbsp; &nbsp; &nbsp; &nbsp; &nbsp; &nbsp; &nbsp; &nbsp; &nbsp; &nbsp; &nbsp; &nbsp; &#8211;<\/strong>&nbsp;hloubkov\u00e9 \u010di\u0161t\u011bn\u00ed pleti alkalick\u00fdm peelingem, mas\u00e1\u017e obli\u010deje, krku a dekoltu, vakuov\u00e1 mas\u00e1\u017e obli\u010deje LPG, Oxygenterapie + ampule, Elektroporace, Biopol\u00e1rn\u00ed radiofrekvence, LED terapie + maska, s\u00e9rum, z\u00e1v\u011bre\u010dn\u00fd kr\u00e9m<strong><br \/>\n<\/strong><\/td>\n<td>1400K\u010d<\/td>\n<\/tr>\n<tr>\n<td><strong>Mezoterapie obli\u010deje Dermoperem&nbsp;+ ampulka + maska&nbsp;&nbsp;<\/strong><em><br \/>\n<\/em><\/td>\n<td>2000K\u010d<\/td>\n<\/tr>\n<tr>\n<td><strong>Mas\u00e1\u017e obli\u010deje<\/strong> (krku, dekoltu) + maska<\/td>\n<td>800K\u010d<\/td>\n<\/tr>\n<tr>\n<td><strong>Mikromas\u00e1\u017e o\u010dn\u00edho okol\u00ed<\/strong> + maska<\/td>\n<td>400K\u010d<\/td>\n<\/tr>\n<tr>\n<td><strong>Laserov\u00e1 maska &#8211; omlazen\u00ed barevn\u00fdm Led sv\u011btlem<\/strong><\/td>\n<td>400 K\u010d<\/td>\n<\/tr>\n<tr>\n<td><strong>Prodlou\u017een\u00ed \u0159as&nbsp; &nbsp; &nbsp; &nbsp; &nbsp; &nbsp; &nbsp; &nbsp; &nbsp; &nbsp; &nbsp; &nbsp; &nbsp; &nbsp; &nbsp; &nbsp; &nbsp; &nbsp; &nbsp; &nbsp; &nbsp; &nbsp; &nbsp; &nbsp; &nbsp; &nbsp; &nbsp; &nbsp; &nbsp; &nbsp; &nbsp; &nbsp; &nbsp; &nbsp; &nbsp; &nbsp; &nbsp; &nbsp; &nbsp; &nbsp; &nbsp; &nbsp; &nbsp; &nbsp; &nbsp; &nbsp; &nbsp; &nbsp; &nbsp; &nbsp; &nbsp; &nbsp; &nbsp; &nbsp; &nbsp; &nbsp; &nbsp; &nbsp; &nbsp; &nbsp; &nbsp; &nbsp; &nbsp;&nbsp;<\/strong>od<\/td>\n<td>600 K\u010d<\/td>\n<\/tr>\n<tr>\n<td><strong>Depilace voskem&nbsp; &nbsp; &nbsp; &nbsp; &nbsp; &nbsp; &nbsp; &nbsp; &nbsp; &nbsp; &nbsp; &nbsp; &nbsp; &nbsp; &nbsp; &nbsp; &nbsp; &nbsp; &nbsp; &nbsp; &nbsp; &nbsp; &nbsp; &nbsp; &nbsp; &nbsp; &nbsp; &nbsp; &nbsp; &nbsp; &nbsp; &nbsp; &nbsp; &nbsp; &nbsp; &nbsp; &nbsp; &nbsp; &nbsp; &nbsp; &nbsp; &nbsp; &nbsp; &nbsp; &nbsp; &nbsp; &nbsp; &nbsp; &nbsp; &nbsp; &nbsp; &nbsp; &nbsp; &nbsp; &nbsp; &nbsp; &nbsp; &nbsp; &nbsp; &nbsp; &nbsp;<\/strong>&nbsp; &nbsp;od<\/td>\n<td>100 K\u010d<\/td>\n<\/tr>\n<tr>\n<td><\/td>\n<td><\/td>\n<\/tr>\n<tr>\n<td>\n<h3><strong>PERMANENTN\u00cd MAKE-UP (bez korekce)<\/strong><\/h3>\n<\/td>\n<td><\/td>\n<\/tr>\n<tr>\n<td><strong>Obo\u010d\u00ed<\/strong> (pudrov\u00e1n\u00ed)<strong> &nbsp; &nbsp; &nbsp; &nbsp; &nbsp; &nbsp; &nbsp; &nbsp; &nbsp; &nbsp; &nbsp; &nbsp; &nbsp; &nbsp; &nbsp; &nbsp; &nbsp; &nbsp; &nbsp; &nbsp; &nbsp; &nbsp; &nbsp; &nbsp; &nbsp; &nbsp; &nbsp; &nbsp; &nbsp; &nbsp; &nbsp; &nbsp; &nbsp; &nbsp; &nbsp; &nbsp; &nbsp; &nbsp; &nbsp; &nbsp; &nbsp; &nbsp; &nbsp; &nbsp; &nbsp; &nbsp; &nbsp; &nbsp; &nbsp; &nbsp; &nbsp; &nbsp; &nbsp; &nbsp; &nbsp; &nbsp; &nbsp; &nbsp;<\/strong>&nbsp; &nbsp; &nbsp; &nbsp; od<\/td>\n<td>3900K\u010d<\/td>\n<\/tr>\n<tr>\n<td><strong>Linky<\/strong> (horn\u00ed)<strong>&nbsp; &nbsp; &nbsp; &nbsp; &nbsp; &nbsp; &nbsp; &nbsp; &nbsp; &nbsp; &nbsp; &nbsp; &nbsp; &nbsp; &nbsp; &nbsp; &nbsp; &nbsp; &nbsp; &nbsp; &nbsp; &nbsp; &nbsp; &nbsp; &nbsp; &nbsp; &nbsp; &nbsp; &nbsp; &nbsp; &nbsp; &nbsp; &nbsp; &nbsp; &nbsp; &nbsp; &nbsp; &nbsp; &nbsp; &nbsp; &nbsp; &nbsp; &nbsp; &nbsp; &nbsp; &nbsp; &nbsp; &nbsp; &nbsp; &nbsp; &nbsp; &nbsp; &nbsp; &nbsp; &nbsp; &nbsp; &nbsp; &nbsp; &nbsp; &nbsp; &nbsp; &nbsp;<\/strong>&nbsp; &nbsp; &nbsp; &nbsp; od<\/td>\n<td>2000K\u010d<\/td>\n<\/tr>\n<tr>\n<td><strong>Linky<\/strong> (doln\u00ed)<strong>&nbsp; &nbsp; &nbsp; &nbsp; &nbsp; &nbsp; &nbsp; &nbsp; &nbsp; &nbsp; &nbsp; &nbsp; &nbsp; &nbsp; &nbsp; &nbsp; &nbsp; &nbsp; &nbsp; &nbsp; &nbsp; &nbsp; &nbsp; &nbsp; &nbsp; &nbsp; &nbsp; &nbsp; &nbsp; &nbsp; &nbsp; &nbsp; &nbsp; &nbsp; &nbsp; &nbsp; &nbsp; &nbsp; &nbsp; &nbsp; &nbsp; &nbsp; &nbsp; &nbsp; &nbsp; &nbsp; &nbsp; &nbsp; &nbsp; &nbsp; &nbsp; &nbsp; &nbsp; &nbsp; &nbsp; &nbsp; &nbsp; &nbsp; &nbsp; &nbsp; &nbsp; &nbsp; &nbsp; &nbsp; &nbsp; &nbsp;&nbsp;<\/strong>od<\/td>\n<td>1800K\u010d<\/td>\n<\/tr>\n<tr>\n<td><strong>Kontura rt\u016f&nbsp; &nbsp; &nbsp; &nbsp; &nbsp; &nbsp; &nbsp; &nbsp; &nbsp; &nbsp; &nbsp; &nbsp; &nbsp; &nbsp; &nbsp; &nbsp; &nbsp; &nbsp; &nbsp; &nbsp; &nbsp; &nbsp; &nbsp; &nbsp; &nbsp; &nbsp; &nbsp; &nbsp; &nbsp; &nbsp; &nbsp; &nbsp; &nbsp; &nbsp; &nbsp; &nbsp; &nbsp; &nbsp; &nbsp; &nbsp; &nbsp; &nbsp; &nbsp; &nbsp; &nbsp; &nbsp; &nbsp; &nbsp; &nbsp; &nbsp; &nbsp; &nbsp; &nbsp; &nbsp; &nbsp; &nbsp; &nbsp; &nbsp; &nbsp; &nbsp; &nbsp; &nbsp; &nbsp; &nbsp;&nbsp;<\/strong>&nbsp; &nbsp; &nbsp;od<\/td>\n<td>2000K\u010d<\/td>\n<\/tr>\n<tr>\n<td><strong>Dopln\u011bn\u00ed &nbsp; &nbsp; &nbsp; &nbsp; &nbsp; &nbsp; &nbsp; &nbsp; &nbsp; &nbsp; &nbsp; &nbsp; &nbsp; &nbsp; &nbsp; &nbsp; &nbsp; &nbsp; &nbsp; &nbsp; &nbsp; &nbsp; &nbsp; &nbsp; &nbsp; &nbsp; &nbsp; &nbsp; &nbsp; &nbsp; &nbsp; &nbsp; &nbsp; &nbsp; &nbsp; &nbsp; &nbsp; &nbsp; &nbsp; &nbsp; &nbsp; &nbsp; &nbsp; &nbsp; &nbsp; &nbsp; &nbsp; &nbsp; &nbsp; &nbsp; &nbsp; &nbsp; &nbsp; &nbsp; &nbsp; &nbsp; &nbsp; &nbsp; &nbsp; &nbsp; &nbsp; &nbsp; &nbsp;&nbsp;<\/strong>&nbsp; &nbsp; &nbsp; &nbsp; &nbsp; od<\/td>\n<td>1000K\u010d<\/td>\n<\/tr>\n<tr>\n<td><\/td>\n<td><\/td>\n<\/tr>\n<tr>\n<td>\n<h3><strong>P\u00c9\u010cE O RUCE<\/strong><\/h3>\n<\/td>\n<td><\/td>\n<\/tr>\n<tr>\n<td><strong>Klasick\u00e1 such\u00e1 manik\u00fara bez lakov\u00e1n\u00ed&nbsp; &nbsp; &nbsp; &nbsp; &nbsp; &nbsp; &nbsp; &nbsp; &nbsp; &nbsp; &nbsp; &nbsp; &nbsp; &nbsp; &nbsp; &nbsp; &nbsp; &nbsp; &nbsp; &nbsp; &nbsp; &nbsp; &nbsp; &nbsp; &nbsp; &nbsp; &nbsp; &nbsp; &nbsp; &nbsp; &nbsp; &nbsp; &nbsp; &nbsp; &nbsp; &nbsp; &nbsp; &nbsp; &nbsp; &nbsp; &nbsp; &nbsp; &nbsp;<\/strong>&nbsp; &nbsp;od<\/td>\n<td>260 K\u010d<\/td>\n<\/tr>\n<tr>\n<td><strong>Kompletn\u00ed klasick\u00e1 such\u00e1 manik\u00fara&nbsp; &nbsp; &nbsp; &nbsp; &nbsp; &nbsp; &nbsp; &nbsp; &nbsp; &nbsp; &nbsp; &nbsp; &nbsp; &nbsp; &nbsp; &nbsp; &nbsp; &nbsp; &nbsp; &nbsp; &nbsp; &nbsp; &nbsp; &nbsp; &nbsp; &nbsp; &nbsp; &nbsp; &nbsp; &nbsp; &nbsp; &nbsp; &nbsp; &nbsp; &nbsp; &nbsp; &nbsp; &nbsp; &nbsp; &nbsp; &nbsp; <\/strong>(rozm\u011bk\u010den\u00ed kutikuly gelem, \u00faprava kutikuly a neht\u016f, barevn\u00fd lak &#8211; 2 vrstvy, nadlak, olej, kr\u00e9m)<strong><br \/>\n<\/strong><\/td>\n<td>400 K\u010d<\/td>\n<\/tr>\n<tr>\n<td><strong>Model\u00e1\u017e CND SHELLAC, Gellac&nbsp; &nbsp; &nbsp; &nbsp; &nbsp; &nbsp; &nbsp; &nbsp; &nbsp; &nbsp; &nbsp; &nbsp; &nbsp; &nbsp; &nbsp; &nbsp; &nbsp; &nbsp; &nbsp; &nbsp; &nbsp;&nbsp;<\/strong><\/td>\n<td>400 K\u010d<\/td>\n<\/tr>\n<tr>\n<td><strong>Odstran\u011bn\u00ed Gellac, Shellac&nbsp; &nbsp; &nbsp; &nbsp; &nbsp; &nbsp; &nbsp; &nbsp; &nbsp; &nbsp; &nbsp; &nbsp; &nbsp; &nbsp; &nbsp; &nbsp; &nbsp; &nbsp; &nbsp; &nbsp; &nbsp; &nbsp; &nbsp; &nbsp; &nbsp; &nbsp; &nbsp; &nbsp; &nbsp; &nbsp; &nbsp; &nbsp; &nbsp; &nbsp; &nbsp; &nbsp; &nbsp; &nbsp; &nbsp; &nbsp; &nbsp; &nbsp; &nbsp; &nbsp; &nbsp; &nbsp; &nbsp; &nbsp; &nbsp; &nbsp; &nbsp; &nbsp; &nbsp; &nbsp;&nbsp;<\/strong>od<\/td>\n<td><span style=\"font-family: Verdana, Geneva, sans-serif;\">15<\/span>0 K\u010d<\/td>\n<\/tr>\n<tr>\n<td><strong>Odlakov\u00e1n\u00ed neht\u016f&nbsp;<\/strong><\/td>\n<td>&nbsp; 50 K\u010d<\/td>\n<\/tr>\n<tr>\n<td><strong>Sametov\u00e9 ruce &#8211; Luxe&nbsp; &nbsp; &nbsp; &nbsp; &nbsp; &nbsp; &nbsp; &nbsp; &nbsp; &nbsp; &nbsp; &nbsp; &nbsp; &nbsp; &nbsp; &nbsp; &nbsp; &nbsp; &nbsp; &nbsp; &nbsp; &nbsp; &nbsp; &nbsp; &nbsp; &nbsp; &nbsp; &nbsp; &nbsp; &nbsp; &nbsp; &nbsp; &nbsp; &nbsp; &nbsp; &nbsp; &nbsp; &nbsp; &nbsp; &nbsp; &nbsp; &nbsp; &nbsp; &nbsp; &nbsp; &nbsp; &nbsp; &nbsp; &nbsp; &nbsp; &nbsp; &nbsp; &nbsp; <\/strong>(mineraln\u00ed ozonov\u00e1 l\u00e1ze\u0148 s bublinkami, peeling, mas\u00e1\u017e rukou, maska na ruce, paraf\u00ednov\u00fd z\u00e1bal&nbsp; &nbsp; &nbsp; &nbsp; &nbsp; &nbsp; &nbsp; &nbsp;s lavandul\u00ed, kr\u00e9m na ruce, olej na k\u016f\u017ei\u010dku)<\/td>\n<td>500 K\u010d<\/td>\n<\/tr>\n<tr>\n<td>\n<h3><strong>PEDIK\u00daRA<\/strong><\/h3>\n<\/td>\n<td><\/td>\n<\/tr>\n<tr>\n<td><strong>Mokr\u00e1 pedik\u00fara z\u00e1kladn\u00ed&nbsp;<\/strong>(vodn\u00ed l\u00e1ze\u0148, \u00faprava chodidel, \u00faprava neht\u016f, kr\u00e9m)<strong>&nbsp; &nbsp; &nbsp; &nbsp; &nbsp; &nbsp; &nbsp; &nbsp; &nbsp; &nbsp; &nbsp; &nbsp; &nbsp; &nbsp; &nbsp; &nbsp; &nbsp; &nbsp;<\/strong>od<\/td>\n<td>450 K\u010d<\/td>\n<\/tr>\n<tr>\n<td><strong>Spa pedik\u00fara De Luxe&nbsp; &nbsp; &nbsp; &nbsp; &nbsp; &nbsp; &nbsp; &nbsp; &nbsp; &nbsp; &nbsp; &nbsp; &nbsp; &nbsp; &nbsp; &nbsp; &nbsp; &nbsp; &nbsp; &nbsp; &nbsp; &nbsp; &nbsp; &nbsp; &nbsp; &nbsp; &nbsp; &nbsp; &nbsp; &nbsp; &nbsp; &nbsp; &nbsp; &nbsp; &nbsp; &nbsp; &nbsp; &nbsp; &nbsp; &nbsp; &nbsp; &nbsp; &nbsp; &nbsp; &nbsp; &nbsp; &nbsp; &nbsp; &nbsp; &nbsp; &nbsp; &nbsp; &nbsp; &nbsp; &nbsp; &nbsp; &nbsp; &nbsp; &nbsp; &nbsp; <\/strong>(relaxa\u010dn\u00ed miner\u00e1ln\u00ed l\u00e1ze\u0148, odstran\u011bn\u00ed rohov\u00e9 vrstvy, \u00faprava neht\u016f, peeling, mas\u00e1\u017e, maska, parafinov\u00fd z\u00e1bal, kr\u00e9m na chodidla, olej na kutikulu, d\u00e1rek &#8211; vzorek kr\u00e9mu)<\/td>\n<td>1000K\u010d<\/td>\n<\/tr>\n<tr>\n<td>&nbsp;<strong>Odstran\u011bn\u00ed ku\u0159\u00edho oka&nbsp; &nbsp; &nbsp; &nbsp; &nbsp; &nbsp; &nbsp; &nbsp; &nbsp; &nbsp; &nbsp; &nbsp; &nbsp; &nbsp; &nbsp; &nbsp; &nbsp; &nbsp; &nbsp; &nbsp; &nbsp; &nbsp; &nbsp; &nbsp; &nbsp; &nbsp; &nbsp; &nbsp; &nbsp; &nbsp; &nbsp; &nbsp; &nbsp; &nbsp; &nbsp; &nbsp; &nbsp; &nbsp; &nbsp; &nbsp; &nbsp; &nbsp; &nbsp; &nbsp;<\/strong>1 ks<\/td>\n<td>&nbsp;50 K\u010d<\/td>\n<\/tr>\n<tr>\n<td>&nbsp;<strong>O\u0161et\u0159en\u00ed zarostl\u00e9ho nehtu&nbsp; &nbsp; &nbsp; &nbsp; &nbsp; &nbsp; &nbsp; &nbsp; &nbsp; &nbsp; &nbsp; &nbsp; &nbsp; &nbsp; &nbsp; &nbsp; &nbsp; &nbsp; &nbsp; &nbsp; &nbsp; &nbsp; &nbsp; &nbsp; &nbsp; &nbsp; &nbsp; &nbsp; &nbsp; &nbsp; &nbsp; &nbsp; &nbsp; &nbsp; &nbsp; &nbsp; &nbsp; &nbsp; &nbsp; &nbsp;<\/strong> &nbsp;1 ks&nbsp; &nbsp; &nbsp; &nbsp; &nbsp; &nbsp; &nbsp; &nbsp; &nbsp; &nbsp; od<\/td>\n<td>100 K\u010d<\/td>\n<\/tr>\n<tr>\n<td><\/td>\n<td><\/td>\n<\/tr>\n<tr>\n<td><\/td>\n<td><\/td>\n<\/tr>\n<\/tbody>\n<\/table>\n","protected":false},"excerpt":{"rendered":"<p>&nbsp; &nbsp; &nbsp; &nbsp; &nbsp; &nbsp; &nbsp; &nbsp; &nbsp; &nbsp; &nbsp; &nbsp; &nbsp; &nbsp; &nbsp; &nbsp; &nbsp; &nbsp; &nbsp; &nbsp; [&hellip;]<\/p>\n","protected":false},"author":1,"featured_media":0,"parent":0,"menu_order":0,"comment_status":"closed","ping_status":"closed","template":"","meta":{"site-sidebar-layout":"default","site-content-layout":"","ast-site-content-layout":"default","site-content-style":"default","site-sidebar-style":"default","ast-global-header-display":"","ast-banner-title-visibility":"","ast-main-header-display":"","ast-hfb-above-header-display":"","ast-hfb-below-header-display":"","ast-hfb-mobile-header-display":"","site-post-title":"","ast-breadcrumbs-content":"","ast-featured-img":"","footer-sml-layout":"","theme-transparent-header-meta":"","adv-header-id-meta":"","stick-header-meta":"","header-above-stick-meta":"","header-main-stick-meta":"","header-below-stick-meta":"","astra-migrate-meta-layouts":"default","ast-page-background-enabled":"default","ast-page-background-meta":{"desktop":{"background-color":"var(--ast-global-color-5)","background-image":"","background-repeat":"repeat","background-position":"center center","background-size":"auto","background-attachment":"scroll","background-type":"","background-media":"","overlay-type":"","overlay-color":"","overlay-opacity":"","overlay-gradient":""},"tablet":{"background-color":"","background-image":"","background-repeat":"repeat","background-position":"center center","background-size":"auto","background-attachment":"scroll","background-type":"","background-media":"","overlay-type":"","overlay-color":"","overlay-opacity":"","overlay-gradient":""},"mobile":{"background-color":"","background-image":"","background-repeat":"repeat","background-position":"center center","background-size":"auto","background-attachment":"scroll","background-type":"","background-media":"","overlay-type":"","overlay-color":"","overlay-opacity":"","overlay-gradient":""}},"ast-content-background-meta":{"desktop":{"background-color":"var(--ast-global-color-4)","background-image":"","background-repeat":"repeat","background-position":"center center","background-size":"auto","background-attachment":"scroll","background-type":"","background-media":"","overlay-type":"","overlay-color":"","overlay-opacity":"","overlay-gradient":""},"tablet":{"background-color":"var(--ast-global-color-4)","background-image":"","background-repeat":"repeat","background-position":"center center","background-size":"auto","background-attachment":"scroll","background-type":"","background-media":"","overlay-type":"","overlay-color":"","overlay-opacity":"","overlay-gradient":""},"mobile":{"background-color":"var(--ast-global-color-4)","background-image":"","background-repeat":"repeat","background-position":"center center","background-size":"auto","background-attachment":"scroll","background-type":"","background-media":"","overlay-type":"","overlay-color":"","overlay-opacity":"","overlay-gradient":""}},"footnotes":""},"class_list":["post-34","page","type-page","status-publish","hentry"],"_links":{"self":[{"href":"https:\/\/beautysalon-rafilya.cz\/index.php?rest_route=\/wp\/v2\/pages\/34","targetHints":{"allow":["GET"]}}],"collection":[{"href":"https:\/\/beautysalon-rafilya.cz\/index.php?rest_route=\/wp\/v2\/pages"}],"about":[{"href":"https:\/\/beautysalon-rafilya.cz\/index.php?rest_route=\/wp\/v2\/types\/page"}],"author":[{"embeddable":true,"href":"https:\/\/beautysalon-rafilya.cz\/index.php?rest_route=\/wp\/v2\/users\/1"}],"replies":[{"embeddable":true,"href":"https:\/\/beautysalon-rafilya.cz\/index.php?rest_route=%2Fwp%2Fv2%2Fcomments&post=34"}],"version-history":[{"count":0,"href":"https:\/\/beautysalon-rafilya.cz\/index.php?rest_route=\/wp\/v2\/pages\/34\/revisions"}],"wp:attachment":[{"href":"https:\/\/beautysalon-rafilya.cz\/index.php?rest_route=%2Fwp%2Fv2%2Fmedia&parent=34"}],"curies":[{"name":"wp","href":"https:\/\/api.w.org\/{rel}","templated":true}]}}