{"id":32,"date":"2015-08-28T18:48:41","date_gmt":"2015-08-28T17:48:41","guid":{"rendered":"http:\/\/www.beautysalon-rafilya.cz\/?page_id=14"},"modified":"2015-08-28T18:48:41","modified_gmt":"2015-08-28T17:48:41","slug":"kosmetika","status":"publish","type":"page","link":"https:\/\/beautysalon-rafilya.cz\/?page_id=32","title":{"rendered":"Kosmetika a P\u00e9\u010de o ruce"},"content":{"rendered":"<p><b><a href=\"http:\/\/www.beautysalon-rafilya.cz\/wp-content\/uploads\/2015\/08\/vizul-syn-care375x250_fe09.jpg\"><img loading=\"lazy\" decoding=\"async\" class=\"alignnone wp-image-79\" src=\"http:\/\/www.beautysalon-rafilya.cz\/wp-content\/uploads\/2015\/08\/vizul-syn-care375x250_fe09-300x200.jpg\" alt=\"vizul-syn-care375x250_fe09\" width=\"338\" height=\"225\"><\/a> <a href=\"http:\/\/www.beautysalon-rafilya.cz\/wp-content\/uploads\/2015\/08\/kosmetika-jarka-9084-v-prirodna-kozmetika-big.jpg\"><img loading=\"lazy\" decoding=\"async\" class=\"alignnone size-medium wp-image-81\" src=\"http:\/\/www.beautysalon-rafilya.cz\/wp-content\/uploads\/2015\/08\/kosmetika-jarka-9084-v-prirodna-kozmetika-big-300x225.jpg\" alt=\"kosmetika-jarka-9084-v-prirodna-kozmetika-big\" width=\"300\" height=\"225\"><\/a> <a href=\"http:\/\/www.beautysalon-rafilya.cz\/wp-content\/uploads\/2015\/08\/1387290781125547214.jpg\"><img loading=\"lazy\" decoding=\"async\" class=\"alignnone size-medium wp-image-76\" src=\"http:\/\/www.beautysalon-rafilya.cz\/wp-content\/uploads\/2015\/08\/1387290781125547214-300x225.jpg\" alt=\"1387290781125547214\" width=\"300\" height=\"225\"><\/a><\/b><\/p>\n<h2>Kvalitn\u00ed kosmetika SynCare je d\u016fle\u017eitou sou\u010d\u00e1st\u00ed dne\u0161n\u00ed doby.<\/h2>\n<p><span style=\"color: #000000;\">Kosmetika a kosmetick\u00e9 p\u0159\u00edpravky poskytuj\u00ed pleti a t\u011blu&nbsp;p\u00e9\u010di.<\/span><\/p>\n<p><span style=\"color: #000000;\">Kosmetika SynCare klade velk\u00fd d\u016fraz na v\u00fdb\u011br vhodn\u00fdch kosmetick\u00fdch \u00fa\u010dinn\u00fdch slo\u017eek.<\/span><\/p>\n<p><span style=\"color: #000000;\">Spr\u00e1vnou p\u00e9\u010d\u00ed o ple\u0165 a poko\u017eku ovliv\u0148ujeme zdravotn\u00ed stav a svou vnit\u0159n\u00ed rovnov\u00e1hu.<\/span><\/p>\n<p><span style=\"color: #000000;\">Abychom doc\u00edlili zdrav\u00e9ho,&nbsp;jasn\u00e9ho a mladistv\u00e9ho vzhledu, je nutn\u00e9 dod\u00e1vat pleti a poko\u017ece l\u00e1tky pot\u0159ebn\u00e9 pro jejich ka\u017edodenn\u00ed v\u00fd\u017eivu, nebo\u0165 pr\u00e1v\u011b na nich se projev\u00ed, zda je p\u0159\u00edsun&nbsp;pot\u0159ebn\u00fdch l\u00e1tek a vitam\u00edn\u016f dostate\u010dn\u00fd.<\/span><\/p>\n<h2>P\u00e9\u010de o ruce.<\/h2>\n<p><span style=\"color: #000000;\">Manik\u00fara je ozna\u010den\u00ed kosmetick\u00e9 procedury, b\u011bhem kter\u00e9 doch\u00e1z\u00ed ke kultivaci rukou s hlavn\u00edm d\u016frazem na&nbsp;nehty a jejich okol\u00ed. Hlavn\u00edm p\u0159edm\u011btem je \u010di\u0161t\u011bn\u00ed neht\u016f, jejich zarovn\u00e1n\u00ed a odstran\u011bn\u00ed odum\u0159el\u00e9&nbsp;k\u016f\u017ee z jejich okol\u00ed a rukou. <\/span><\/p>\n<p><span style=\"color: #000000;\">Sou\u010d\u00e1st\u00ed manik\u00fary m\u016f\u017ee b\u00fdt i lakov\u00e1n\u00ed neht\u016f&nbsp;\u010di instalace um\u011bl\u00fdch neht\u016f.<\/span><\/p>\n<p><a href=\"http:\/\/www.beautysalon-rafilya.cz\/wp-content\/uploads\/2015\/08\/manikura03.jpg\"><img loading=\"lazy\" decoding=\"async\" class=\"size-medium wp-image-169 aligncenter\" src=\"http:\/\/www.beautysalon-rafilya.cz\/wp-content\/uploads\/2015\/08\/manikura03-200x300.jpg\" alt=\"manikura03\" width=\"200\" height=\"300\"><\/a><\/p>\n","protected":false},"excerpt":{"rendered":"<p>Kvalitn\u00ed kosmetika SynCare je d\u016fle\u017eitou sou\u010d\u00e1st\u00ed dne\u0161n\u00ed doby. Kosmetika a kosmetick\u00e9 p\u0159\u00edpravky poskytuj\u00ed pleti a t\u011blu&nbsp;p\u00e9\u010di. Kosmetika SynCare klade velk\u00fd [&hellip;]<\/p>\n","protected":false},"author":1,"featured_media":15,"parent":0,"menu_order":0,"comment_status":"closed","ping_status":"closed","template":"","meta":{"site-sidebar-layout":"default","site-content-layout":"","ast-site-content-layout":"default","site-content-style":"default","site-sidebar-style":"default","ast-global-header-display":"","ast-banner-title-visibility":"","ast-main-header-display":"","ast-hfb-above-header-display":"","ast-hfb-below-header-display":"","ast-hfb-mobile-header-display":"","site-post-title":"","ast-breadcrumbs-content":"","ast-featured-img":"","footer-sml-layout":"","theme-transparent-header-meta":"","adv-header-id-meta":"","stick-header-meta":"","header-above-stick-meta":"","header-main-stick-meta":"","header-below-stick-meta":"","astra-migrate-meta-layouts":"default","ast-page-background-enabled":"default","ast-page-background-meta":{"desktop":{"background-color":"var(--ast-global-color-5)","background-image":"","background-repeat":"repeat","background-position":"center center","background-size":"auto","background-attachment":"scroll","background-type":"","background-media":"","overlay-type":"","overlay-color":"","overlay-opacity":"","overlay-gradient":""},"tablet":{"background-color":"","background-image":"","background-repeat":"repeat","background-position":"center center","background-size":"auto","background-attachment":"scroll","background-type":"","background-media":"","overlay-type":"","overlay-color":"","overlay-opacity":"","overlay-gradient":""},"mobile":{"background-color":"","background-image":"","background-repeat":"repeat","background-position":"center center","background-size":"auto","background-attachment":"scroll","background-type":"","background-media":"","overlay-type":"","overlay-color":"","overlay-opacity":"","overlay-gradient":""}},"ast-content-background-meta":{"desktop":{"background-color":"var(--ast-global-color-4)","background-image":"","background-repeat":"repeat","background-position":"center center","background-size":"auto","background-attachment":"scroll","background-type":"","background-media":"","overlay-type":"","overlay-color":"","overlay-opacity":"","overlay-gradient":""},"tablet":{"background-color":"var(--ast-global-color-4)","background-image":"","background-repeat":"repeat","background-position":"center center","background-size":"auto","background-attachment":"scroll","background-type":"","background-media":"","overlay-type":"","overlay-color":"","overlay-opacity":"","overlay-gradient":""},"mobile":{"background-color":"var(--ast-global-color-4)","background-image":"","background-repeat":"repeat","background-position":"center center","background-size":"auto","background-attachment":"scroll","background-type":"","background-media":"","overlay-type":"","overlay-color":"","overlay-opacity":"","overlay-gradient":""}},"footnotes":""},"class_list":["post-32","page","type-page","status-publish","has-post-thumbnail","hentry"],"_links":{"self":[{"href":"https:\/\/beautysalon-rafilya.cz\/index.php?rest_route=\/wp\/v2\/pages\/32","targetHints":{"allow":["GET"]}}],"collection":[{"href":"https:\/\/beautysalon-rafilya.cz\/index.php?rest_route=\/wp\/v2\/pages"}],"about":[{"href":"https:\/\/beautysalon-rafilya.cz\/index.php?rest_route=\/wp\/v2\/types\/page"}],"author":[{"embeddable":true,"href":"https:\/\/beautysalon-rafilya.cz\/index.php?rest_route=\/wp\/v2\/users\/1"}],"replies":[{"embeddable":true,"href":"https:\/\/beautysalon-rafilya.cz\/index.php?rest_route=%2Fwp%2Fv2%2Fcomments&post=32"}],"version-history":[{"count":0,"href":"https:\/\/beautysalon-rafilya.cz\/index.php?rest_route=\/wp\/v2\/pages\/32\/revisions"}],"wp:featuredmedia":[{"embeddable":true,"href":"https:\/\/beautysalon-rafilya.cz\/index.php?rest_route=\/"}],"wp:attachment":[{"href":"https:\/\/beautysalon-rafilya.cz\/index.php?rest_route=%2Fwp%2Fv2%2Fmedia&parent=32"}],"curies":[{"name":"wp","href":"https:\/\/api.w.org\/{rel}","templated":true}]}}