{"id":30,"date":"2015-08-28T18:16:43","date_gmt":"2015-08-28T17:16:43","guid":{"rendered":"http:\/\/www.beautysalon-rafilya.cz\/?page_id=7"},"modified":"2015-08-28T18:16:43","modified_gmt":"2015-08-28T17:16:43","slug":"kosmetika-mariankse-lazne","status":"publish","type":"page","link":"https:\/\/beautysalon-rafilya.cz\/?page_id=30","title":{"rendered":"\u00davod"},"content":{"rendered":"<h2>Kosmetika Mari\u00e1nsk\u00e9 L\u00e1zn\u011b<\/h2>\n<p><strong>V\u00edtejte na webov\u00fdch str\u00e1nk\u00e1ch <a href=\"http:\/\/www.beautysalon-rafilya.cz\" target=\"_blank\" rel=\"noopener\">www.beautysalon-rafilya.cz<\/a><\/strong><\/p>\n<p>Chcete relaxovat a odpo\u010dinout si od sv\u00fdch ka\u017edodenn\u00edch starost\u00ed? Pak si V\u00e1s dovoluji\u00a0 pozvat do m\u00e9ho kosmetick\u00e9ho salonu, kter\u00fd se stane b\u011bhem Va\u0161\u00ed n\u00e1v\u0161t\u011bvy o\u00e1zou klidu, relaxace a pohody. V m\u00e9m salonu p\u0159istupuji ke ka\u017ed\u00e9mu z\u00e1kazn\u00edkovi individu\u00e1ln\u011b s vyu\u017eit\u00edm velmi kvalitn\u00ed \u010desko-francouzsk\u00e9 kosmetiky zna\u010dky Syn Care.<\/p>\n<p>\u00a0<\/p>\n<p>P\u0159ij\u010fte, u\u017eijte si v p\u0159\u00edjemn\u00e9m a modern\u00edm prost\u0159ed\u00ed maxim\u00e1ln\u00ed p\u00e9\u010di, a vyberte si z mnoha nab\u00edzen\u00fdch slu\u017eeb.<\/p>\n<p>T\u011b\u0161\u00edm se na Va\u0161i n\u00e1v\u0161t\u011bvu a v\u011b\u0159\u00edm, \u017ee budete maxim\u00e1ln\u011b spokojena. Ka\u017ed\u00e1 z\u00e1kaznice p\u0159i odchodu obdr\u017e\u00ed d\u00e1re\u010dek.<\/p>\n<p><strong>Prodej profesion\u00e1ln\u00ed kosmetiky.<\/strong><\/p>\n<p>\u00a0<\/p>\n<p><a href=\"http:\/\/www.beautysalon-rafilya.cz\/wp-content\/uploads\/2015\/08\/DP.jpg\"><img loading=\"lazy\" decoding=\"async\" class=\"alignnone wp-image-181 size-large\" src=\"http:\/\/www.beautysalon-rafilya.cz\/wp-content\/uploads\/2015\/08\/DP-1024x488.jpg\" alt=\"Kosmetika Mari\u00e1nsk\u00e9 L\u00e1zn\u011b\" width=\"1024\" height=\"488\" \/><\/a><\/p>\n<p>\u00a0<\/p>\n<p>\u00a0<\/p>\n<p>\u00a0<\/p>\n<p>\u00a0<\/p>\n<p><strong>\u00a0<\/strong><\/p>\n","protected":false},"excerpt":{"rendered":"<p>Kosmetika Mari\u00e1nsk\u00e9 L\u00e1zn\u011b V\u00edtejte na webov\u00fdch str\u00e1nk\u00e1ch www.beautysalon-rafilya.cz Chcete relaxovat a odpo\u010dinout si od sv\u00fdch ka\u017edodenn\u00edch starost\u00ed? Pak si V\u00e1s [&hellip;]<\/p>\n","protected":false},"author":1,"featured_media":0,"parent":0,"menu_order":0,"comment_status":"closed","ping_status":"closed","template":"","meta":{"site-sidebar-layout":"default","site-content-layout":"","ast-site-content-layout":"default","site-content-style":"default","site-sidebar-style":"default","ast-global-header-display":"","ast-banner-title-visibility":"","ast-main-header-display":"","ast-hfb-above-header-display":"","ast-hfb-below-header-display":"","ast-hfb-mobile-header-display":"","site-post-title":"","ast-breadcrumbs-content":"","ast-featured-img":"","footer-sml-layout":"","theme-transparent-header-meta":"","adv-header-id-meta":"","stick-header-meta":"","header-above-stick-meta":"","header-main-stick-meta":"","header-below-stick-meta":"","astra-migrate-meta-layouts":"default","ast-page-background-enabled":"default","ast-page-background-meta":{"desktop":{"background-color":"var(--ast-global-color-5)","background-image":"","background-repeat":"repeat","background-position":"center center","background-size":"auto","background-attachment":"scroll","background-type":"","background-media":"","overlay-type":"","overlay-color":"","overlay-opacity":"","overlay-gradient":""},"tablet":{"background-color":"","background-image":"","background-repeat":"repeat","background-position":"center center","background-size":"auto","background-attachment":"scroll","background-type":"","background-media":"","overlay-type":"","overlay-color":"","overlay-opacity":"","overlay-gradient":""},"mobile":{"background-color":"","background-image":"","background-repeat":"repeat","background-position":"center center","background-size":"auto","background-attachment":"scroll","background-type":"","background-media":"","overlay-type":"","overlay-color":"","overlay-opacity":"","overlay-gradient":""}},"ast-content-background-meta":{"desktop":{"background-color":"var(--ast-global-color-4)","background-image":"","background-repeat":"repeat","background-position":"center center","background-size":"auto","background-attachment":"scroll","background-type":"","background-media":"","overlay-type":"","overlay-color":"","overlay-opacity":"","overlay-gradient":""},"tablet":{"background-color":"var(--ast-global-color-4)","background-image":"","background-repeat":"repeat","background-position":"center center","background-size":"auto","background-attachment":"scroll","background-type":"","background-media":"","overlay-type":"","overlay-color":"","overlay-opacity":"","overlay-gradient":""},"mobile":{"background-color":"var(--ast-global-color-4)","background-image":"","background-repeat":"repeat","background-position":"center center","background-size":"auto","background-attachment":"scroll","background-type":"","background-media":"","overlay-type":"","overlay-color":"","overlay-opacity":"","overlay-gradient":""}},"footnotes":""},"class_list":["post-30","page","type-page","status-publish","hentry"],"_links":{"self":[{"href":"https:\/\/beautysalon-rafilya.cz\/index.php?rest_route=\/wp\/v2\/pages\/30","targetHints":{"allow":["GET"]}}],"collection":[{"href":"https:\/\/beautysalon-rafilya.cz\/index.php?rest_route=\/wp\/v2\/pages"}],"about":[{"href":"https:\/\/beautysalon-rafilya.cz\/index.php?rest_route=\/wp\/v2\/types\/page"}],"author":[{"embeddable":true,"href":"https:\/\/beautysalon-rafilya.cz\/index.php?rest_route=\/wp\/v2\/users\/1"}],"replies":[{"embeddable":true,"href":"https:\/\/beautysalon-rafilya.cz\/index.php?rest_route=%2Fwp%2Fv2%2Fcomments&post=30"}],"version-history":[{"count":0,"href":"https:\/\/beautysalon-rafilya.cz\/index.php?rest_route=\/wp\/v2\/pages\/30\/revisions"}],"wp:attachment":[{"href":"https:\/\/beautysalon-rafilya.cz\/index.php?rest_route=%2Fwp%2Fv2%2Fmedia&parent=30"}],"curies":[{"name":"wp","href":"https:\/\/api.w.org\/{rel}","templated":true}]}}